{"id":21,"date":"2021-10-11T12:10:51","date_gmt":"2021-10-11T10:10:51","guid":{"rendered":"http:\/\/xn--picaflor-cramique-ktb.com\/?page_id=21"},"modified":"2024-09-12T10:22:41","modified_gmt":"2024-09-12T08:22:41","slug":"a-propos-de","status":"publish","type":"page","link":"https:\/\/xn--picaflor-cramique-ktb.com\/index.php\/a-propos-de\/","title":{"rendered":"Picaflor"},"content":{"rendered":"\t\t<div data-elementor-type=\"wp-page\" data-elementor-id=\"21\" class=\"elementor elementor-21\">\n\t\t\t\t\t\t<section class=\"elementor-section elementor-top-section elementor-element elementor-element-2f47cea4 elementor-section-boxed elementor-section-height-default elementor-section-height-default\" data-id=\"2f47cea4\" data-element_type=\"section\">\n\t\t\t\t\t\t<div class=\"elementor-container elementor-column-gap-default\">\n\t\t\t\t\t<div class=\"elementor-column elementor-col-100 elementor-top-column elementor-element elementor-element-3ce9a843\" data-id=\"3ce9a843\" data-element_type=\"column\">\n\t\t\t<div class=\"elementor-widget-wrap elementor-element-populated\">\n\t\t\t\t\t\t<div class=\"elementor-element elementor-element-140c9c6 elementor-widget elementor-widget-spacer\" data-id=\"140c9c6\" data-element_type=\"widget\" data-widget_type=\"spacer.default\">\n\t\t\t\t<div class=\"elementor-widget-container\">\n\t\t\t\t\t\t\t<div class=\"elementor-spacer\">\n\t\t\t<div class=\"elementor-spacer-inner\"><\/div>\n\t\t<\/div>\n\t\t\t\t\t\t<\/div>\n\t\t\t\t<\/div>\n\t\t\t\t<div class=\"elementor-element elementor-element-fb1e990 elementor-widget elementor-widget-text-editor\" data-id=\"fb1e990\" data-element_type=\"widget\" data-widget_type=\"text-editor.default\">\n\t\t\t\t<div class=\"elementor-widget-container\">\n\t\t\t\t\t\t\t\t\t<p>C&rsquo;est avec l&rsquo;argile que je donne naissance \u00e0 mes cr\u00e9ations. La femme est le sujet principal, femmes d&rsquo;ici et d&rsquo;ailleurs, inspiration ethnique, les bustes et les expressions des visages sont infinis,\u00a0 association de bois et c\u00e9ramique donne des sculptures uniques et captivantes, le bois avec ses formes naturelles et ses textures vari\u00e9es se marie avec l&rsquo;argile\u00a0 de fa\u00e7on harmonieuse.<\/p><p>La recherche de l&rsquo;esth\u00e9tique et de la puret\u00e9 dans les expressions des corps et des visages avec la terre exigeante et le feu infernal des cuissons , \u00e9l\u00e9ments essentiels \u00e0 toute vie, terre , eau,\u00a0 air,\u00a0 feu&#8230;<\/p>\t\t\t\t\t\t\t\t<\/div>\n\t\t\t\t<\/div>\n\t\t\t\t<div class=\"elementor-element elementor-element-256c822 elementor-widget elementor-widget-text-editor\" data-id=\"256c822\" data-element_type=\"widget\" data-widget_type=\"text-editor.default\">\n\t\t\t\t<div class=\"elementor-widget-container\">\n\t\t\t\t\t\t\t\t\t<h2>L&rsquo;art du feu et le Raku<\/h2>\n<p><em>Magie d&rsquo;un monde int\u00e9rieur, bonheur dans le hasard.\u00a0<\/em><\/p>\t\t\t\t\t\t\t\t<\/div>\n\t\t\t\t<\/div>\n\t\t\t\t<div class=\"elementor-element elementor-element-b400a8b elementor-widget elementor-widget-text-editor\" data-id=\"b400a8b\" data-element_type=\"widget\" data-widget_type=\"text-editor.default\">\n\t\t\t\t<div class=\"elementor-widget-container\">\n\t\t\t\t\t\t\t\t\t<h4><span style=\"font-size: 1.111em; color: var( --e-global-color-text );\">Dans cette technique de cuisson, 3\u00a0\u00e9l\u00e9ments essentiels : terre, air et feu.<\/span><\/h4>\t\t\t\t\t\t\t\t<\/div>\n\t\t\t\t<\/div>\n\t\t\t\t<div class=\"elementor-element elementor-element-4919d44 elementor-widget elementor-widget-text-editor\" data-id=\"4919d44\" data-element_type=\"widget\" data-widget_type=\"text-editor.default\">\n\t\t\t\t<div class=\"elementor-widget-container\">\n\t\t\t\t\t\t\t\t\t<p>La philosophie Zen doit toujours \u00eatre pr\u00e9sente car il arrive parfois d&rsquo;\u00eatre d\u00e9\u00e7u et toute l&rsquo;\u00e9nergie donn\u00e9e s&rsquo;envole en fum\u00e9e&#8230;<\/p>\n<p>La terre m\u00e8re nourrit mon \u00e2me et toute nouvelle pi\u00e8ce est une belle aventure. L&rsquo;argile exerce une attraction, envie de la toucher, de la modeler, j&rsquo;aime me perdre dans ces sensations afin de laisser ma cr\u00e9ativit\u00e9 vibrer et ainsi donner une \u00e2me \u00e0 mes pi\u00e8ces.<\/p>\n<p>Donner forme \u00e0 la mati\u00e8re en trouvant une harmonie dans la simplicit\u00e9 et la sobri\u00e9t\u00e9 des pi\u00e8ces et susciter l&rsquo;\u00e9motion sont les fils conducteurs de mes r\u00e9alisations.<\/p>\n<p>Le raku est venu \u00e0 moi par hasard. Apr\u00e8s un dipl\u00f4me de d\u00e9coration en c\u00e9ramique \u00e0 l&rsquo;\u00e9cole d&rsquo;Aubagne , des cours aux beaux arts de Digne les Bains, j&rsquo;ai pu partager ma passion lors de cours que j&rsquo;ai dispens\u00e9 dans mon atelier, aujourd&rsquo;hui je travaille uniquement la sculpture c\u00e9ramique avec cette technique particuli\u00e8re du raku.&nbsp;<\/p>\n<p>J&rsquo;ai trouv\u00e9 dans cette technique une libert\u00e9 unique qui correspond \u00e0 ma personnalit\u00e9.<\/p>\t\t\t\t\t\t\t\t<\/div>\n\t\t\t\t<\/div>\n\t\t\t\t\t<\/div>\n\t\t<\/div>\n\t\t\t\t\t<\/div>\n\t\t<\/section>\n\t\t\t\t<\/div>\n\t\t","protected":false},"excerpt":{"rendered":"<p>C&rsquo;est avec l&rsquo;argile que je donne naissance \u00e0 mes cr\u00e9ations. La femme est le sujet principal, femmes d&rsquo;ici et d&rsquo;ailleurs, inspiration ethnique, les bustes et les expressions des visages sont infinis,\u00a0 association de bois et c\u00e9ramique donne des sculptures uniques et captivantes, le bois avec ses formes naturelles et ses textures vari\u00e9es se marie avec &hellip; <\/p>\n","protected":false},"author":1,"featured_media":0,"parent":0,"menu_order":0,"comment_status":"closed","ping_status":"closed","template":"","meta":{"om_disable_all_campaigns":false,"_monsterinsights_skip_tracking":false,"_monsterinsights_sitenote_active":false,"_monsterinsights_sitenote_note":"","_monsterinsights_sitenote_category":0,"footnotes":""},"class_list":["post-21","page","type-page","status-publish","hentry","latest_post"],"aioseo_notices":[],"_links":{"self":[{"href":"https:\/\/xn--picaflor-cramique-ktb.com\/index.php\/wp-json\/wp\/v2\/pages\/21","targetHints":{"allow":["GET"]}}],"collection":[{"href":"https:\/\/xn--picaflor-cramique-ktb.com\/index.php\/wp-json\/wp\/v2\/pages"}],"about":[{"href":"https:\/\/xn--picaflor-cramique-ktb.com\/index.php\/wp-json\/wp\/v2\/types\/page"}],"author":[{"embeddable":true,"href":"https:\/\/xn--picaflor-cramique-ktb.com\/index.php\/wp-json\/wp\/v2\/users\/1"}],"replies":[{"embeddable":true,"href":"https:\/\/xn--picaflor-cramique-ktb.com\/index.php\/wp-json\/wp\/v2\/comments?post=21"}],"version-history":[{"count":104,"href":"https:\/\/xn--picaflor-cramique-ktb.com\/index.php\/wp-json\/wp\/v2\/pages\/21\/revisions"}],"predecessor-version":[{"id":1055,"href":"https:\/\/xn--picaflor-cramique-ktb.com\/index.php\/wp-json\/wp\/v2\/pages\/21\/revisions\/1055"}],"wp:attachment":[{"href":"https:\/\/xn--picaflor-cramique-ktb.com\/index.php\/wp-json\/wp\/v2\/media?parent=21"}],"curies":[{"name":"wp","href":"https:\/\/api.w.org\/{rel}","templated":true}]}}