{"id":20,"date":"2021-10-11T12:10:51","date_gmt":"2021-10-11T10:10:51","guid":{"rendered":"http:\/\/xn--picaflor-cramique-ktb.com\/?page_id=20"},"modified":"2026-03-03T14:17:15","modified_gmt":"2026-03-03T13:17:15","slug":"accueil","status":"publish","type":"page","link":"https:\/\/xn--picaflor-cramique-ktb.com\/","title":{"rendered":""},"content":{"rendered":"\t\t<div data-elementor-type=\"wp-page\" data-elementor-id=\"20\" class=\"elementor elementor-20\">\n\t\t\t\t\t\t<section class=\"elementor-section elementor-top-section elementor-element elementor-element-122fdd4 elementor-section-height-min-height elementor-section-boxed elementor-section-height-default elementor-section-items-middle\" data-id=\"122fdd4\" data-element_type=\"section\">\n\t\t\t\t\t\t<div class=\"elementor-container elementor-column-gap-default\">\n\t\t\t\t\t<div class=\"elementor-column elementor-col-100 elementor-top-column elementor-element elementor-element-619b7f2\" data-id=\"619b7f2\" data-element_type=\"column\">\n\t\t\t<div class=\"elementor-widget-wrap elementor-element-populated\">\n\t\t\t\t\t\t<div class=\"elementor-element elementor-element-6058737 elementor-widget elementor-widget-heading\" data-id=\"6058737\" data-element_type=\"widget\" data-widget_type=\"heading.default\">\n\t\t\t\t<div class=\"elementor-widget-container\">\n\t\t\t\t\t<h2 class=\"elementor-heading-title elementor-size-default\">Bienvenue dans mon univers : Picaflor C\u00e9ramique, cr\u00e9atrice de sculptures en c\u00e9ramique \u00e0 Curbans (05)<br><\/h2>\t\t\t\t<\/div>\n\t\t\t\t<\/div>\n\t\t\t\t\t<\/div>\n\t\t<\/div>\n\t\t\t\t\t<\/div>\n\t\t<\/section>\n\t\t\t\t<section class=\"elementor-section elementor-top-section elementor-element elementor-element-85d5d28 elementor-section-boxed elementor-section-height-default elementor-section-height-default\" data-id=\"85d5d28\" data-element_type=\"section\">\n\t\t\t\t\t\t<div class=\"elementor-container elementor-column-gap-default\">\n\t\t\t\t\t<div class=\"elementor-column elementor-col-100 elementor-top-column elementor-element elementor-element-231fc62\" data-id=\"231fc62\" data-element_type=\"column\">\n\t\t\t<div class=\"elementor-widget-wrap elementor-element-populated\">\n\t\t\t\t\t\t<div class=\"elementor-element elementor-element-8729e58 elementor-invisible elementor-widget elementor-widget-image\" data-id=\"8729e58\" data-element_type=\"widget\" data-settings=\"{&quot;_animation&quot;:&quot;slideInUp&quot;}\" data-widget_type=\"image.default\">\n\t\t\t\t<div class=\"elementor-widget-container\">\n\t\t\t\t\t\t\t\t\t\t\t\t\t\t\t<img fetchpriority=\"high\" decoding=\"async\" width=\"683\" height=\"1024\" src=\"https:\/\/xn--picaflor-cramique-ktb.com\/wp-content\/uploads\/2025\/12\/received_1054628111941238-683x1024.jpeg\" class=\"attachment-large size-large wp-image-1575\" alt=\"\" srcset=\"https:\/\/xn--picaflor-cramique-ktb.com\/wp-content\/uploads\/2025\/12\/received_1054628111941238-683x1024.jpeg 683w, https:\/\/xn--picaflor-cramique-ktb.com\/wp-content\/uploads\/2025\/12\/received_1054628111941238-200x300.jpeg 200w, https:\/\/xn--picaflor-cramique-ktb.com\/wp-content\/uploads\/2025\/12\/received_1054628111941238-768x1152.jpeg 768w, https:\/\/xn--picaflor-cramique-ktb.com\/wp-content\/uploads\/2025\/12\/received_1054628111941238-1024x1536.jpeg 1024w, https:\/\/xn--picaflor-cramique-ktb.com\/wp-content\/uploads\/2025\/12\/received_1054628111941238-40x60.jpeg 40w, https:\/\/xn--picaflor-cramique-ktb.com\/wp-content\/uploads\/2025\/12\/received_1054628111941238.jpeg 1365w\" sizes=\"(max-width: 683px) 100vw, 683px\" \/>\t\t\t\t\t\t\t\t\t\t\t\t\t\t\t<\/div>\n\t\t\t\t<\/div>\n\t\t\t\t\t<\/div>\n\t\t<\/div>\n\t\t\t\t\t<\/div>\n\t\t<\/section>\n\t\t\t\t<section class=\"elementor-section elementor-top-section elementor-element elementor-element-502ceb5 elementor-section-boxed elementor-section-height-default elementor-section-height-default\" data-id=\"502ceb5\" data-element_type=\"section\">\n\t\t\t\t\t\t<div class=\"elementor-container elementor-column-gap-default\">\n\t\t\t\t\t<div class=\"elementor-column elementor-col-100 elementor-top-column elementor-element elementor-element-b2fff20\" data-id=\"b2fff20\" data-element_type=\"column\">\n\t\t\t<div class=\"elementor-widget-wrap elementor-element-populated\">\n\t\t\t\t\t\t<div class=\"elementor-element elementor-element-b8ca4fc elementor-widget elementor-widget-heading\" data-id=\"b8ca4fc\" data-element_type=\"widget\" data-widget_type=\"heading.default\">\n\t\t\t\t<div class=\"elementor-widget-container\">\n\t\t\t\t\t<h4 class=\"elementor-heading-title elementor-size-default\">Le Raku est une technique de cuisson originaire du Japon. Trois \u00e9lements essentiels lors de la r\u00e9alisation, terre, air, feu.<\/h4>\t\t\t\t<\/div>\n\t\t\t\t<\/div>\n\t\t\t\t\t<\/div>\n\t\t<\/div>\n\t\t\t\t\t<\/div>\n\t\t<\/section>\n\t\t\t\t<section class=\"elementor-section elementor-top-section elementor-element elementor-element-3c1114d elementor-section-boxed elementor-section-height-default elementor-section-height-default\" data-id=\"3c1114d\" data-element_type=\"section\">\n\t\t\t\t\t\t<div class=\"elementor-container elementor-column-gap-default\">\n\t\t\t\t\t<div class=\"elementor-column elementor-col-100 elementor-top-column elementor-element elementor-element-6e7f7ca\" data-id=\"6e7f7ca\" data-element_type=\"column\">\n\t\t\t<div class=\"elementor-widget-wrap elementor-element-populated\">\n\t\t\t\t\t\t<div class=\"elementor-element elementor-element-b62343c elementor-align-center elementor-widget elementor-widget-button\" data-id=\"b62343c\" data-element_type=\"widget\" data-widget_type=\"button.default\">\n\t\t\t\t<div class=\"elementor-widget-container\">\n\t\t\t\t\t\t\t\t\t<div class=\"elementor-button-wrapper\">\n\t\t\t\t\t<a class=\"elementor-button elementor-button-link elementor-size-sm\" href=\"https:\/\/xn--picaflor-cramique-ktb.com\/index.php\/creations-picaflor-ceramique\/\" target=\"_blank\">\n\t\t\t\t\t\t<span class=\"elementor-button-content-wrapper\">\n\t\t\t\t\t\t\t\t\t<span class=\"elementor-button-text\">D\u00e9couvrir toutes les cr\u00e9ations<\/span>\n\t\t\t\t\t<\/span>\n\t\t\t\t\t<\/a>\n\t\t\t\t<\/div>\n\t\t\t\t\t\t\t\t<\/div>\n\t\t\t\t<\/div>\n\t\t\t\t\t<\/div>\n\t\t<\/div>\n\t\t\t\t\t<\/div>\n\t\t<\/section>\n\t\t\t\t<section class=\"elementor-section elementor-top-section elementor-element elementor-element-4f22639 elementor-section-boxed elementor-section-height-default elementor-section-height-default\" data-id=\"4f22639\" data-element_type=\"section\">\n\t\t\t\t\t\t<div class=\"elementor-container elementor-column-gap-default\">\n\t\t\t\t\t<div class=\"elementor-column elementor-col-100 elementor-top-column elementor-element elementor-element-d3b4b82\" data-id=\"d3b4b82\" data-element_type=\"column\">\n\t\t\t<div class=\"elementor-widget-wrap elementor-element-populated\">\n\t\t\t\t\t\t<div class=\"elementor-element elementor-element-d0488a0 elementor-arrows-position-inside elementor-pagination-position-outside elementor-invisible elementor-widget elementor-widget-image-carousel\" data-id=\"d0488a0\" data-element_type=\"widget\" data-settings=\"{&quot;image_spacing_custom_mobile&quot;:{&quot;unit&quot;:&quot;px&quot;,&quot;size&quot;:48,&quot;sizes&quot;:[]},&quot;_animation&quot;:&quot;slideInUp&quot;,&quot;navigation&quot;:&quot;both&quot;,&quot;autoplay&quot;:&quot;yes&quot;,&quot;pause_on_hover&quot;:&quot;yes&quot;,&quot;pause_on_interaction&quot;:&quot;yes&quot;,&quot;autoplay_speed&quot;:5000,&quot;infinite&quot;:&quot;yes&quot;,&quot;speed&quot;:500,&quot;image_spacing_custom&quot;:{&quot;unit&quot;:&quot;px&quot;,&quot;size&quot;:20,&quot;sizes&quot;:[]},&quot;image_spacing_custom_tablet&quot;:{&quot;unit&quot;:&quot;px&quot;,&quot;size&quot;:&quot;&quot;,&quot;sizes&quot;:[]}}\" data-widget_type=\"image-carousel.default\">\n\t\t\t\t<div class=\"elementor-widget-container\">\n\t\t\t\t\t\t\t<div class=\"elementor-image-carousel-wrapper swiper\" role=\"region\" aria-roledescription=\"carousel\" aria-label=\"Carrousel d\u2019images\" dir=\"ltr\">\n\t\t\t<div class=\"elementor-image-carousel swiper-wrapper\" aria-live=\"off\">\n\t\t\t\t\t\t\t\t<div class=\"swiper-slide\" role=\"group\" aria-roledescription=\"slide\" aria-label=\"1 sur 9\"><figure class=\"swiper-slide-inner\"><img decoding=\"async\" class=\"swiper-slide-image\" src=\"https:\/\/xn--picaflor-cramique-ktb.com\/wp-content\/uploads\/2025\/12\/Massai-vert-130x300.jpg\" alt=\"Berger Massa\u00ef 87x16x13\" \/><\/figure><\/div><div class=\"swiper-slide\" role=\"group\" aria-roledescription=\"slide\" aria-label=\"2 sur 9\"><figure class=\"swiper-slide-inner\"><img decoding=\"async\" class=\"swiper-slide-image\" src=\"https:\/\/xn--picaflor-cramique-ktb.com\/wp-content\/uploads\/2025\/12\/Juliana-Monica-Robin-225x300.jpg\" alt=\"Juliana 54x9x8\" \/><\/figure><\/div><div class=\"swiper-slide\" role=\"group\" aria-roledescription=\"slide\" aria-label=\"3 sur 9\"><figure class=\"swiper-slide-inner\"><img decoding=\"async\" class=\"swiper-slide-image\" src=\"https:\/\/xn--picaflor-cramique-ktb.com\/wp-content\/uploads\/2025\/11\/20250313_104758-225x300.jpg\" alt=\"20250313_104758\" \/><\/figure><\/div><div class=\"swiper-slide\" role=\"group\" aria-roledescription=\"slide\" aria-label=\"4 sur 9\"><figure class=\"swiper-slide-inner\"><img decoding=\"async\" class=\"swiper-slide-image\" src=\"https:\/\/xn--picaflor-cramique-ktb.com\/wp-content\/uploads\/2025\/09\/1000003645-189x300.jpg\" alt=\"Alth\u00e9a 98x17x12\" \/><\/figure><\/div><div class=\"swiper-slide\" role=\"group\" aria-roledescription=\"slide\" aria-label=\"5 sur 9\"><figure class=\"swiper-slide-inner\"><img decoding=\"async\" class=\"swiper-slide-image\" src=\"https:\/\/xn--picaflor-cramique-ktb.com\/wp-content\/uploads\/2025\/08\/20250603_140714-225x300.jpg\" alt=\"Masha\" \/><\/figure><\/div><div class=\"swiper-slide\" role=\"group\" aria-roledescription=\"slide\" aria-label=\"6 sur 9\"><figure class=\"swiper-slide-inner\"><img decoding=\"async\" class=\"swiper-slide-image\" src=\"https:\/\/xn--picaflor-cramique-ktb.com\/wp-content\/uploads\/2025\/08\/20250313_110252-144x300.jpg\" alt=\"Marieke\" \/><\/figure><\/div><div class=\"swiper-slide\" role=\"group\" aria-roledescription=\"slide\" aria-label=\"7 sur 9\"><figure class=\"swiper-slide-inner\"><img decoding=\"async\" class=\"swiper-slide-image\" src=\"https:\/\/xn--picaflor-cramique-ktb.com\/wp-content\/uploads\/2025\/07\/20250313_110314-225x300.jpg\" alt=\"Marieke 54x17x10\" \/><\/figure><\/div><div class=\"swiper-slide\" role=\"group\" aria-roledescription=\"slide\" aria-label=\"8 sur 9\"><figure class=\"swiper-slide-inner\"><img decoding=\"async\" class=\"swiper-slide-image\" src=\"https:\/\/xn--picaflor-cramique-ktb.com\/wp-content\/uploads\/2024\/12\/IMG_20241215_181043-removebg-preview-140x300.png\" alt=\"Mio     59x16x7p\" \/><\/figure><\/div><div class=\"swiper-slide\" role=\"group\" aria-roledescription=\"slide\" aria-label=\"9 sur 9\"><figure class=\"swiper-slide-inner\"><img decoding=\"async\" class=\"swiper-slide-image\" src=\"https:\/\/xn--picaflor-cramique-ktb.com\/wp-content\/uploads\/2024\/11\/Greta-135x300.png\" alt=\"Gr\u00e9ta 55x13x9\" \/><\/figure><\/div>\t\t\t<\/div>\n\t\t\t\t\t\t\t\t\t\t\t\t<div class=\"elementor-swiper-button elementor-swiper-button-prev\" role=\"button\" tabindex=\"0\">\n\t\t\t\t\t\t<i aria-hidden=\"true\" class=\"eicon-chevron-left\"><\/i>\t\t\t\t\t<\/div>\n\t\t\t\t\t<div class=\"elementor-swiper-button elementor-swiper-button-next\" role=\"button\" tabindex=\"0\">\n\t\t\t\t\t\t<i aria-hidden=\"true\" class=\"eicon-chevron-right\"><\/i>\t\t\t\t\t<\/div>\n\t\t\t\t\n\t\t\t\t\t\t\t\t\t<div class=\"swiper-pagination\"><\/div>\n\t\t\t\t\t\t\t\t\t<\/div>\n\t\t\t\t\t\t<\/div>\n\t\t\t\t<\/div>\n\t\t\t\t<div class=\"elementor-element elementor-element-ee5ed6e elementor-widget elementor-widget-text-editor\" data-id=\"ee5ed6e\" data-element_type=\"widget\" data-widget_type=\"text-editor.default\">\n\t\t\t\t<div class=\"elementor-widget-container\">\n\t\t\t\t\t\t\t\t\t<p><strong>Recherche de d\u00e9licatesse et d&rsquo;\u00e9motions dans l&rsquo;expression des corps f\u00e9minins, naissance de femmes intemporelles issues d&rsquo;une pure imagination, c&rsquo;est avant tout dans la spontan\u00e9it\u00e9 que je travaille.<\/strong><\/p><p>Harmonie des \u00c9l\u00e9ments: C\u00e9ramique Raku et Bois Flott\u00e9. Rencontre fascinante entre l&rsquo;art ancestral de la c\u00e9ramique raku et la beaut\u00e9 brute du bois flott\u00e9. Je propose une exploration de la symbiose entre deux mat\u00e9riaux naturels. Cette association de mati\u00e8res invite le spectateur \u00e0 contempler les \u0153uvres et \u00e0 ressentir l&rsquo;harmonie entre l&rsquo;art humain et les forces de la nature. Vous \u00eates invit\u00e9s \u00e0 plonger dans cet univers o\u00f9 la terre et l&rsquo;eau se rencontrent, o\u00f9 l&rsquo;art et la nature fusionnent pour cr\u00e9er des pi\u00e8ces uniques, \u00e0 la fois d\u00e9licates et puissantes.<\/p><p>Dipl\u00f4m\u00e9e de l\u2019\u00e9cole d\u2019Aubagne en d\u00e9coration c\u00e9ramique, j\u2019ai suivi des cours de mod\u00e8le vivant aux Beaux-Arts de Digne les Bains. Apr\u00e8s quelques ann\u00e9es dans mon atelier je me suis dirig\u00e9e naturellement vers une technique de cuisson \u201cle raku\u201d originaire du Japon (le bonheur dans le hasard, la beaut\u00e9 dans l&rsquo;imperfection).<\/p><p>Je r\u00e9alise des femmes intemporelles, l\u2019\u00e9l\u00e9gance la f\u00e9minit\u00e9 sont mises en avant, mais aussi des visages d\u2019inspiration ethnique. Ces r\u00e9alisations en raku sont souvent associ\u00e9es avec diff\u00e9rents mat\u00e9riaux tel que le bois, le m\u00e9tal, le bronze, insertion de verre. Le bois que j\u2019associe avec mes sculptures est trait\u00e9 parfois par une technique japonaise le Yakisuki<\/p><p>Les \u00e9maux ainsi que l\u2019enfumage des pi\u00e8ces avec des parties brutes vont r\u00e9v\u00e9ler la beaut\u00e9 des effets m\u00e9talliques et ce craquel\u00e9 typique du raku. Cette libert\u00e9 que laisse l\u2019argile et la cuisson raku me permettent de m\u2019\u00e9panouir dans cet art<\/p>\t\t\t\t\t\t\t\t<\/div>\n\t\t\t\t<\/div>\n\t\t\t\t\t<\/div>\n\t\t<\/div>\n\t\t\t\t\t<\/div>\n\t\t<\/section>\n\t\t\t\t<section class=\"elementor-section elementor-top-section elementor-element elementor-element-dac75e4 elementor-section-boxed elementor-section-height-default elementor-section-height-default\" data-id=\"dac75e4\" data-element_type=\"section\">\n\t\t\t\t\t\t<div class=\"elementor-container elementor-column-gap-default\">\n\t\t\t\t\t<div class=\"elementor-column elementor-col-100 elementor-top-column elementor-element elementor-element-715e6d3\" data-id=\"715e6d3\" data-element_type=\"column\">\n\t\t\t<div class=\"elementor-widget-wrap elementor-element-populated\">\n\t\t\t\t\t\t<div class=\"elementor-element elementor-element-b9d0601 elementor-invisible elementor-widget elementor-widget-image\" data-id=\"b9d0601\" data-element_type=\"widget\" data-settings=\"{&quot;_animation&quot;:&quot;slideInUp&quot;}\" data-widget_type=\"image.default\">\n\t\t\t\t<div class=\"elementor-widget-container\">\n\t\t\t\t\t\t\t\t\t\t\t\t\t\t\t<img decoding=\"async\" width=\"1920\" height=\"2560\" src=\"https:\/\/xn--picaflor-cramique-ktb.com\/wp-content\/uploads\/2025\/11\/20200224_155925-scaled.jpg\" class=\"attachment-full size-full wp-image-1449\" alt=\"\" srcset=\"https:\/\/xn--picaflor-cramique-ktb.com\/wp-content\/uploads\/2025\/11\/20200224_155925-scaled.jpg 1920w, https:\/\/xn--picaflor-cramique-ktb.com\/wp-content\/uploads\/2025\/11\/20200224_155925-225x300.jpg 225w, https:\/\/xn--picaflor-cramique-ktb.com\/wp-content\/uploads\/2025\/11\/20200224_155925-768x1024.jpg 768w, https:\/\/xn--picaflor-cramique-ktb.com\/wp-content\/uploads\/2025\/11\/20200224_155925-1152x1536.jpg 1152w, https:\/\/xn--picaflor-cramique-ktb.com\/wp-content\/uploads\/2025\/11\/20200224_155925-1536x2048.jpg 1536w, https:\/\/xn--picaflor-cramique-ktb.com\/wp-content\/uploads\/2025\/11\/20200224_155925-45x60.jpg 45w\" sizes=\"(max-width: 1920px) 100vw, 1920px\" \/>\t\t\t\t\t\t\t\t\t\t\t\t\t\t\t<\/div>\n\t\t\t\t<\/div>\n\t\t\t\t\t<\/div>\n\t\t<\/div>\n\t\t\t\t\t<\/div>\n\t\t<\/section>\n\t\t\t\t<section class=\"elementor-section elementor-top-section elementor-element elementor-element-9ffb7f4 elementor-section-height-min-height elementor-section-boxed elementor-section-height-default elementor-section-items-middle\" data-id=\"9ffb7f4\" data-element_type=\"section\">\n\t\t\t\t\t\t<div class=\"elementor-container elementor-column-gap-default\">\n\t\t\t\t\t<div class=\"elementor-column elementor-col-100 elementor-top-column elementor-element elementor-element-c512fe0\" data-id=\"c512fe0\" data-element_type=\"column\">\n\t\t\t<div class=\"elementor-widget-wrap elementor-element-populated\">\n\t\t\t\t\t\t<div class=\"elementor-element elementor-element-590d886 elementor-widget elementor-widget-heading\" data-id=\"590d886\" data-element_type=\"widget\" data-widget_type=\"heading.default\">\n\t\t\t\t<div class=\"elementor-widget-container\">\n\t\t\t\t\t<h2 class=\"elementor-heading-title elementor-size-default\">O\u00f9 me trouver :<\/h2>\t\t\t\t<\/div>\n\t\t\t\t<\/div>\n\t\t\t\t\t<\/div>\n\t\t<\/div>\n\t\t\t\t\t<\/div>\n\t\t<\/section>\n\t\t\t\t<section class=\"elementor-section elementor-top-section elementor-element elementor-element-f32e0df elementor-section-boxed elementor-section-height-default elementor-section-height-default\" data-id=\"f32e0df\" data-element_type=\"section\">\n\t\t\t\t\t\t<div class=\"elementor-container elementor-column-gap-default\">\n\t\t\t\t\t<div class=\"elementor-column elementor-col-50 elementor-top-column elementor-element elementor-element-a93d0ce\" data-id=\"a93d0ce\" data-element_type=\"column\">\n\t\t\t<div class=\"elementor-widget-wrap elementor-element-populated\">\n\t\t\t\t\t\t<div class=\"elementor-element elementor-element-90ac345 elementor-widget elementor-widget-heading\" data-id=\"90ac345\" data-element_type=\"widget\" data-widget_type=\"heading.default\">\n\t\t\t\t<div class=\"elementor-widget-container\">\n\t\t\t\t\t<h4 class=\"elementor-heading-title elementor-size-default\">Derni\u00e8re exposition :<\/h4>\t\t\t\t<\/div>\n\t\t\t\t<\/div>\n\t\t\t\t<div class=\"elementor-element elementor-element-5a87c1d elementor-invisible elementor-widget elementor-widget-image\" data-id=\"5a87c1d\" data-element_type=\"widget\" data-settings=\"{&quot;_animation&quot;:&quot;slideInUp&quot;}\" data-widget_type=\"image.default\">\n\t\t\t\t<div class=\"elementor-widget-container\">\n\t\t\t\t\t\t\t\t\t\t\t\t\t\t\t<img decoding=\"async\" width=\"724\" height=\"1024\" src=\"https:\/\/xn--picaflor-cramique-ktb.com\/wp-content\/uploads\/2026\/02\/Affiche-expo-Crest-Memoires--724x1024.jpg\" class=\"attachment-large size-large wp-image-1689\" alt=\"M\u00e9moires organiques Natasha Bertin et Picaflor sculpture\" srcset=\"https:\/\/xn--picaflor-cramique-ktb.com\/wp-content\/uploads\/2026\/02\/Affiche-expo-Crest-Memoires--724x1024.jpg 724w, https:\/\/xn--picaflor-cramique-ktb.com\/wp-content\/uploads\/2026\/02\/Affiche-expo-Crest-Memoires--212x300.jpg 212w, https:\/\/xn--picaflor-cramique-ktb.com\/wp-content\/uploads\/2026\/02\/Affiche-expo-Crest-Memoires--768x1086.jpg 768w, https:\/\/xn--picaflor-cramique-ktb.com\/wp-content\/uploads\/2026\/02\/Affiche-expo-Crest-Memoires--42x60.jpg 42w, https:\/\/xn--picaflor-cramique-ktb.com\/wp-content\/uploads\/2026\/02\/Affiche-expo-Crest-Memoires-.jpg 1080w\" sizes=\"(max-width: 724px) 100vw, 724px\" \/>\t\t\t\t\t\t\t\t\t\t\t\t\t\t\t<\/div>\n\t\t\t\t<\/div>\n\t\t\t\t\t<\/div>\n\t\t<\/div>\n\t\t\t\t<div class=\"elementor-column elementor-col-50 elementor-top-column elementor-element elementor-element-a7e2d1f\" data-id=\"a7e2d1f\" data-element_type=\"column\">\n\t\t\t<div class=\"elementor-widget-wrap elementor-element-populated\">\n\t\t\t\t\t\t<div class=\"elementor-element elementor-element-45c4b0b elementor-widget elementor-widget-heading\" data-id=\"45c4b0b\" data-element_type=\"widget\" data-widget_type=\"heading.default\">\n\t\t\t\t<div class=\"elementor-widget-container\">\n\t\t\t\t\t<h4 class=\"elementor-heading-title elementor-size-default\">L'Atelier : <\/h4>\t\t\t\t<\/div>\n\t\t\t\t<\/div>\n\t\t\t\t<div class=\"elementor-element elementor-element-117762f elementor-invisible elementor-widget elementor-widget-image\" data-id=\"117762f\" data-element_type=\"widget\" data-settings=\"{&quot;_animation&quot;:&quot;slideInUp&quot;}\" data-widget_type=\"image.default\">\n\t\t\t\t<div class=\"elementor-widget-container\">\n\t\t\t\t\t\t\t\t\t\t\t\t\t\t\t<img loading=\"lazy\" decoding=\"async\" width=\"1024\" height=\"726\" src=\"https:\/\/xn--picaflor-cramique-ktb.com\/wp-content\/uploads\/2025\/07\/Flyers-Atelier-2-1024x726.jpg\" class=\"attachment-large size-large wp-image-1297\" alt=\"\" srcset=\"https:\/\/xn--picaflor-cramique-ktb.com\/wp-content\/uploads\/2025\/07\/Flyers-Atelier-2-1024x726.jpg 1024w, https:\/\/xn--picaflor-cramique-ktb.com\/wp-content\/uploads\/2025\/07\/Flyers-Atelier-2-300x213.jpg 300w, https:\/\/xn--picaflor-cramique-ktb.com\/wp-content\/uploads\/2025\/07\/Flyers-Atelier-2-768x545.jpg 768w, https:\/\/xn--picaflor-cramique-ktb.com\/wp-content\/uploads\/2025\/07\/Flyers-Atelier-2-1536x1090.jpg 1536w, https:\/\/xn--picaflor-cramique-ktb.com\/wp-content\/uploads\/2025\/07\/Flyers-Atelier-2-85x60.jpg 85w, https:\/\/xn--picaflor-cramique-ktb.com\/wp-content\/uploads\/2025\/07\/Flyers-Atelier-2.jpg 1748w\" sizes=\"(max-width: 1024px) 100vw, 1024px\" \/>\t\t\t\t\t\t\t\t\t\t\t\t\t\t\t<\/div>\n\t\t\t\t<\/div>\n\t\t\t\t\t<\/div>\n\t\t<\/div>\n\t\t\t\t\t<\/div>\n\t\t<\/section>\n\t\t\t\t<section class=\"elementor-section elementor-top-section elementor-element elementor-element-ed1a865 elementor-section-boxed elementor-section-height-default elementor-section-height-default\" data-id=\"ed1a865\" data-element_type=\"section\">\n\t\t\t\t\t\t<div class=\"elementor-container elementor-column-gap-default\">\n\t\t\t\t\t<div class=\"elementor-column elementor-col-100 elementor-top-column elementor-element elementor-element-a823ed2\" data-id=\"a823ed2\" data-element_type=\"column\">\n\t\t\t<div class=\"elementor-widget-wrap elementor-element-populated\">\n\t\t\t\t\t\t<div class=\"elementor-element elementor-element-b9ee7a9 elementor-align-center elementor-widget elementor-widget-button\" data-id=\"b9ee7a9\" data-element_type=\"widget\" data-widget_type=\"button.default\">\n\t\t\t\t<div class=\"elementor-widget-container\">\n\t\t\t\t\t\t\t\t\t<div class=\"elementor-button-wrapper\">\n\t\t\t\t\t<a class=\"elementor-button elementor-button-link elementor-size-sm\" href=\"https:\/\/xn--picaflor-cramique-ktb.com\/index.php\/contact\/\" target=\"_blank\">\n\t\t\t\t\t\t<span class=\"elementor-button-content-wrapper\">\n\t\t\t\t\t\t\t\t\t<span class=\"elementor-button-text\">Me contacter<\/span>\n\t\t\t\t\t<\/span>\n\t\t\t\t\t<\/a>\n\t\t\t\t<\/div>\n\t\t\t\t\t\t\t\t<\/div>\n\t\t\t\t<\/div>\n\t\t\t\t\t<\/div>\n\t\t<\/div>\n\t\t\t\t\t<\/div>\n\t\t<\/section>\n\t\t\t\t<\/div>\n\t\t","protected":false},"excerpt":{"rendered":"<p>Bienvenue dans mon univers : Picaflor C\u00e9ramique, cr\u00e9atrice de sculptures en c\u00e9ramique \u00e0 Curbans (05) Le Raku est une technique de cuisson originaire du Japon. Trois \u00e9lements essentiels lors de la r\u00e9alisation, terre, air, feu. D\u00e9couvrir toutes les cr\u00e9ations Recherche de d\u00e9licatesse et d&rsquo;\u00e9motions dans l&rsquo;expression des corps f\u00e9minins, naissance de femmes intemporelles issues d&rsquo;une &hellip; <\/p>\n","protected":false},"author":1,"featured_media":0,"parent":0,"menu_order":0,"comment_status":"closed","ping_status":"closed","template":"","meta":{"om_disable_all_campaigns":false,"_monsterinsights_skip_tracking":false,"_monsterinsights_sitenote_active":false,"_monsterinsights_sitenote_note":"","_monsterinsights_sitenote_category":0,"footnotes":""},"class_list":["post-20","page","type-page","status-publish","hentry","latest_post"],"aioseo_notices":[],"_links":{"self":[{"href":"https:\/\/xn--picaflor-cramique-ktb.com\/index.php\/wp-json\/wp\/v2\/pages\/20","targetHints":{"allow":["GET"]}}],"collection":[{"href":"https:\/\/xn--picaflor-cramique-ktb.com\/index.php\/wp-json\/wp\/v2\/pages"}],"about":[{"href":"https:\/\/xn--picaflor-cramique-ktb.com\/index.php\/wp-json\/wp\/v2\/types\/page"}],"author":[{"embeddable":true,"href":"https:\/\/xn--picaflor-cramique-ktb.com\/index.php\/wp-json\/wp\/v2\/users\/1"}],"replies":[{"embeddable":true,"href":"https:\/\/xn--picaflor-cramique-ktb.com\/index.php\/wp-json\/wp\/v2\/comments?post=20"}],"version-history":[{"count":179,"href":"https:\/\/xn--picaflor-cramique-ktb.com\/index.php\/wp-json\/wp\/v2\/pages\/20\/revisions"}],"predecessor-version":[{"id":1704,"href":"https:\/\/xn--picaflor-cramique-ktb.com\/index.php\/wp-json\/wp\/v2\/pages\/20\/revisions\/1704"}],"wp:attachment":[{"href":"https:\/\/xn--picaflor-cramique-ktb.com\/index.php\/wp-json\/wp\/v2\/media?parent=20"}],"curies":[{"name":"wp","href":"https:\/\/api.w.org\/{rel}","templated":true}]}}