{"id":1454,"date":"2025-11-15T13:38:16","date_gmt":"2025-11-15T12:38:16","guid":{"rendered":"https:\/\/xn--picaflor-cramique-ktb.com\/?page_id=1454"},"modified":"2026-03-03T14:29:16","modified_gmt":"2026-03-03T13:29:16","slug":"sculptures-ceramique-et-bois","status":"publish","type":"page","link":"https:\/\/xn--picaflor-cramique-ktb.com\/index.php\/creations-picaflor-ceramique\/sculptures-ceramique-et-bois\/","title":{"rendered":"SCULPTURES CERAMIQUE ET BOIS"},"content":{"rendered":"\t\t<div data-elementor-type=\"wp-page\" data-elementor-id=\"1454\" class=\"elementor elementor-1454\">\n\t\t\t\t\t\t<section class=\"elementor-section elementor-top-section elementor-element elementor-element-0cf1062 elementor-section-boxed elementor-section-height-default elementor-section-height-default elementor-invisible\" data-id=\"0cf1062\" data-element_type=\"section\" data-settings=\"{&quot;animation&quot;:&quot;slideInUp&quot;}\">\n\t\t\t\t\t\t<div class=\"elementor-container elementor-column-gap-default\">\n\t\t\t\t\t<div class=\"elementor-column elementor-col-33 elementor-top-column elementor-element elementor-element-6304d76\" data-id=\"6304d76\" data-element_type=\"column\">\n\t\t\t<div class=\"elementor-widget-wrap elementor-element-populated\">\n\t\t\t\t\t\t<div class=\"elementor-element elementor-element-bf50bc5 elementor-widget elementor-widget-heading\" data-id=\"bf50bc5\" data-element_type=\"widget\" data-widget_type=\"heading.default\">\n\t\t\t\t<div class=\"elementor-widget-container\">\n\t\t\t\t\t<h5 class=\"elementor-heading-title elementor-size-default\">Danseur Chinois<\/h5>\t\t\t\t<\/div>\n\t\t\t\t<\/div>\n\t\t\t\t<div class=\"elementor-element elementor-element-b04af35 elementor-widget elementor-widget-image\" data-id=\"b04af35\" data-element_type=\"widget\" data-widget_type=\"image.default\">\n\t\t\t\t<div class=\"elementor-widget-container\">\n\t\t\t\t\t\t\t\t\t\t\t\t\t\t\t<img fetchpriority=\"high\" decoding=\"async\" width=\"790\" height=\"659\" src=\"https:\/\/xn--picaflor-cramique-ktb.com\/wp-content\/uploads\/2025\/11\/1000004050-1024x854.png\" class=\"attachment-large size-large wp-image-1455\" alt=\"\" srcset=\"https:\/\/xn--picaflor-cramique-ktb.com\/wp-content\/uploads\/2025\/11\/1000004050-1024x854.png 1024w, https:\/\/xn--picaflor-cramique-ktb.com\/wp-content\/uploads\/2025\/11\/1000004050-300x250.png 300w, https:\/\/xn--picaflor-cramique-ktb.com\/wp-content\/uploads\/2025\/11\/1000004050-768x640.png 768w, https:\/\/xn--picaflor-cramique-ktb.com\/wp-content\/uploads\/2025\/11\/1000004050-1536x1280.png 1536w, https:\/\/xn--picaflor-cramique-ktb.com\/wp-content\/uploads\/2025\/11\/1000004050-72x60.png 72w, https:\/\/xn--picaflor-cramique-ktb.com\/wp-content\/uploads\/2025\/11\/1000004050.png 1676w\" sizes=\"(max-width: 790px) 100vw, 790px\" \/>\t\t\t\t\t\t\t\t\t\t\t\t\t\t\t<\/div>\n\t\t\t\t<\/div>\n\t\t\t\t\t<\/div>\n\t\t<\/div>\n\t\t\t\t<div class=\"elementor-column elementor-col-33 elementor-top-column elementor-element elementor-element-2fd9181\" data-id=\"2fd9181\" data-element_type=\"column\">\n\t\t\t<div class=\"elementor-widget-wrap elementor-element-populated\">\n\t\t\t\t\t\t<div class=\"elementor-element elementor-element-3850002 elementor-widget elementor-widget-heading\" data-id=\"3850002\" data-element_type=\"widget\" data-widget_type=\"heading.default\">\n\t\t\t\t<div class=\"elementor-widget-container\">\n\t\t\t\t\t<h5 class=\"elementor-heading-title elementor-size-default\">Symbiose<\/h5>\t\t\t\t<\/div>\n\t\t\t\t<\/div>\n\t\t\t\t<div class=\"elementor-element elementor-element-05e29bc elementor-widget elementor-widget-image\" data-id=\"05e29bc\" data-element_type=\"widget\" data-widget_type=\"image.default\">\n\t\t\t\t<div class=\"elementor-widget-container\">\n\t\t\t\t\t\t\t\t\t\t\t\t\t\t\t<img decoding=\"async\" width=\"768\" height=\"1024\" src=\"https:\/\/xn--picaflor-cramique-ktb.com\/wp-content\/uploads\/2025\/11\/20250603_141150-768x1024.jpg\" class=\"attachment-large size-large wp-image-1456\" alt=\"\" srcset=\"https:\/\/xn--picaflor-cramique-ktb.com\/wp-content\/uploads\/2025\/11\/20250603_141150-768x1024.jpg 768w, https:\/\/xn--picaflor-cramique-ktb.com\/wp-content\/uploads\/2025\/11\/20250603_141150-225x300.jpg 225w, https:\/\/xn--picaflor-cramique-ktb.com\/wp-content\/uploads\/2025\/11\/20250603_141150-1152x1536.jpg 1152w, https:\/\/xn--picaflor-cramique-ktb.com\/wp-content\/uploads\/2025\/11\/20250603_141150-1536x2048.jpg 1536w, https:\/\/xn--picaflor-cramique-ktb.com\/wp-content\/uploads\/2025\/11\/20250603_141150-45x60.jpg 45w, https:\/\/xn--picaflor-cramique-ktb.com\/wp-content\/uploads\/2025\/11\/20250603_141150-scaled.jpg 1920w\" sizes=\"(max-width: 768px) 100vw, 768px\" \/>\t\t\t\t\t\t\t\t\t\t\t\t\t\t\t<\/div>\n\t\t\t\t<\/div>\n\t\t\t\t\t<\/div>\n\t\t<\/div>\n\t\t\t\t<div class=\"elementor-column elementor-col-33 elementor-top-column elementor-element elementor-element-ae3ef6f\" data-id=\"ae3ef6f\" data-element_type=\"column\">\n\t\t\t<div class=\"elementor-widget-wrap elementor-element-populated\">\n\t\t\t\t\t\t<div class=\"elementor-element elementor-element-c765246 elementor-widget elementor-widget-heading\" data-id=\"c765246\" data-element_type=\"widget\" data-widget_type=\"heading.default\">\n\t\t\t\t<div class=\"elementor-widget-container\">\n\t\t\t\t\t<h5 class=\"elementor-heading-title elementor-size-default\">Massa\u00ef<\/h5>\t\t\t\t<\/div>\n\t\t\t\t<\/div>\n\t\t\t\t<div class=\"elementor-element elementor-element-5a06ec7 elementor-widget elementor-widget-image\" data-id=\"5a06ec7\" data-element_type=\"widget\" data-widget_type=\"image.default\">\n\t\t\t\t<div class=\"elementor-widget-container\">\n\t\t\t\t\t\t\t\t\t\t\t\t\t\t\t<img decoding=\"async\" width=\"768\" height=\"1024\" src=\"https:\/\/xn--picaflor-cramique-ktb.com\/wp-content\/uploads\/2025\/07\/20250313_104758-768x1024.jpg\" class=\"attachment-large size-large wp-image-1321\" alt=\"\" srcset=\"https:\/\/xn--picaflor-cramique-ktb.com\/wp-content\/uploads\/2025\/07\/20250313_104758-768x1024.jpg 768w, https:\/\/xn--picaflor-cramique-ktb.com\/wp-content\/uploads\/2025\/07\/20250313_104758-225x300.jpg 225w, https:\/\/xn--picaflor-cramique-ktb.com\/wp-content\/uploads\/2025\/07\/20250313_104758-1152x1536.jpg 1152w, https:\/\/xn--picaflor-cramique-ktb.com\/wp-content\/uploads\/2025\/07\/20250313_104758-1536x2048.jpg 1536w, https:\/\/xn--picaflor-cramique-ktb.com\/wp-content\/uploads\/2025\/07\/20250313_104758-45x60.jpg 45w, https:\/\/xn--picaflor-cramique-ktb.com\/wp-content\/uploads\/2025\/07\/20250313_104758-scaled.jpg 1920w\" sizes=\"(max-width: 768px) 100vw, 768px\" \/>\t\t\t\t\t\t\t\t\t\t\t\t\t\t\t<\/div>\n\t\t\t\t<\/div>\n\t\t\t\t\t<\/div>\n\t\t<\/div>\n\t\t\t\t\t<\/div>\n\t\t<\/section>\n\t\t\t\t<section class=\"elementor-section elementor-top-section elementor-element elementor-element-6d2cf61 elementor-section-boxed elementor-section-height-default elementor-section-height-default\" data-id=\"6d2cf61\" data-element_type=\"section\">\n\t\t\t\t\t\t<div class=\"elementor-container elementor-column-gap-default\">\n\t\t\t\t\t<div class=\"elementor-column elementor-col-33 elementor-top-column elementor-element elementor-element-9c0175a\" data-id=\"9c0175a\" data-element_type=\"column\">\n\t\t\t<div class=\"elementor-widget-wrap elementor-element-populated\">\n\t\t\t\t\t\t<div class=\"elementor-element elementor-element-ef43965 elementor-widget elementor-widget-heading\" data-id=\"ef43965\" data-element_type=\"widget\" data-widget_type=\"heading.default\">\n\t\t\t\t<div class=\"elementor-widget-container\">\n\t\t\t\t\t<h5 class=\"elementor-heading-title elementor-size-default\">Juliana<\/h5>\t\t\t\t<\/div>\n\t\t\t\t<\/div>\n\t\t\t\t<div class=\"elementor-element elementor-element-2b6c9ca elementor-widget elementor-widget-image\" data-id=\"2b6c9ca\" data-element_type=\"widget\" data-widget_type=\"image.default\">\n\t\t\t\t<div class=\"elementor-widget-container\">\n\t\t\t\t\t\t\t\t\t\t\t\t\t\t\t<img loading=\"lazy\" decoding=\"async\" width=\"433\" height=\"577\" src=\"https:\/\/xn--picaflor-cramique-ktb.com\/wp-content\/uploads\/2025\/12\/Juliana-Monica-Robin.jpg\" class=\"attachment-large size-large wp-image-1504\" alt=\"\" srcset=\"https:\/\/xn--picaflor-cramique-ktb.com\/wp-content\/uploads\/2025\/12\/Juliana-Monica-Robin.jpg 433w, https:\/\/xn--picaflor-cramique-ktb.com\/wp-content\/uploads\/2025\/12\/Juliana-Monica-Robin-225x300.jpg 225w, https:\/\/xn--picaflor-cramique-ktb.com\/wp-content\/uploads\/2025\/12\/Juliana-Monica-Robin-45x60.jpg 45w\" sizes=\"(max-width: 433px) 100vw, 433px\" \/>\t\t\t\t\t\t\t\t\t\t\t\t\t\t\t<\/div>\n\t\t\t\t<\/div>\n\t\t\t\t\t<\/div>\n\t\t<\/div>\n\t\t\t\t<div class=\"elementor-column elementor-col-33 elementor-top-column elementor-element elementor-element-23debae\" data-id=\"23debae\" data-element_type=\"column\">\n\t\t\t<div class=\"elementor-widget-wrap elementor-element-populated\">\n\t\t\t\t\t\t<div class=\"elementor-element elementor-element-acc4aba elementor-widget elementor-widget-heading\" data-id=\"acc4aba\" data-element_type=\"widget\" data-widget_type=\"heading.default\">\n\t\t\t\t<div class=\"elementor-widget-container\">\n\t\t\t\t\t<h5 class=\"elementor-heading-title elementor-size-default\">Massa\u00ef vert<\/h5>\t\t\t\t<\/div>\n\t\t\t\t<\/div>\n\t\t\t\t<div class=\"elementor-element elementor-element-c21b071 elementor-widget elementor-widget-image\" data-id=\"c21b071\" data-element_type=\"widget\" data-widget_type=\"image.default\">\n\t\t\t\t<div class=\"elementor-widget-container\">\n\t\t\t\t\t\t\t\t\t\t\t\t\t\t\t<img loading=\"lazy\" decoding=\"async\" width=\"445\" height=\"1024\" src=\"https:\/\/xn--picaflor-cramique-ktb.com\/wp-content\/uploads\/2025\/12\/Massai-vert-445x1024.jpg\" class=\"attachment-large size-large wp-image-1512\" alt=\"\" srcset=\"https:\/\/xn--picaflor-cramique-ktb.com\/wp-content\/uploads\/2025\/12\/Massai-vert-445x1024.jpg 445w, https:\/\/xn--picaflor-cramique-ktb.com\/wp-content\/uploads\/2025\/12\/Massai-vert-130x300.jpg 130w, https:\/\/xn--picaflor-cramique-ktb.com\/wp-content\/uploads\/2025\/12\/Massai-vert-768x1767.jpg 768w, https:\/\/xn--picaflor-cramique-ktb.com\/wp-content\/uploads\/2025\/12\/Massai-vert-667x1536.jpg 667w, https:\/\/xn--picaflor-cramique-ktb.com\/wp-content\/uploads\/2025\/12\/Massai-vert-890x2048.jpg 890w, https:\/\/xn--picaflor-cramique-ktb.com\/wp-content\/uploads\/2025\/12\/Massai-vert-26x60.jpg 26w, https:\/\/xn--picaflor-cramique-ktb.com\/wp-content\/uploads\/2025\/12\/Massai-vert-scaled.jpg 1112w\" sizes=\"(max-width: 445px) 100vw, 445px\" \/>\t\t\t\t\t\t\t\t\t\t\t\t\t\t\t<\/div>\n\t\t\t\t<\/div>\n\t\t\t\t\t<\/div>\n\t\t<\/div>\n\t\t\t\t<div class=\"elementor-column elementor-col-33 elementor-top-column elementor-element elementor-element-c4f1658\" data-id=\"c4f1658\" data-element_type=\"column\">\n\t\t\t<div class=\"elementor-widget-wrap elementor-element-populated\">\n\t\t\t\t\t\t<div class=\"elementor-element elementor-element-e63db6a elementor-widget elementor-widget-heading\" data-id=\"e63db6a\" data-element_type=\"widget\" data-widget_type=\"heading.default\">\n\t\t\t\t<div class=\"elementor-widget-container\">\n\t\t\t\t\t<h5 class=\"elementor-heading-title elementor-size-default\">Massa\u00ef 2<\/h5>\t\t\t\t<\/div>\n\t\t\t\t<\/div>\n\t\t\t\t<div class=\"elementor-element elementor-element-38e39f8 elementor-widget elementor-widget-image\" data-id=\"38e39f8\" data-element_type=\"widget\" data-widget_type=\"image.default\">\n\t\t\t\t<div class=\"elementor-widget-container\">\n\t\t\t\t\t\t\t\t\t\t\t\t\t\t\t<img loading=\"lazy\" decoding=\"async\" width=\"309\" height=\"757\" src=\"https:\/\/xn--picaflor-cramique-ktb.com\/wp-content\/uploads\/2025\/12\/Massai-2.jpg\" class=\"attachment-large size-large wp-image-1510\" alt=\"\" srcset=\"https:\/\/xn--picaflor-cramique-ktb.com\/wp-content\/uploads\/2025\/12\/Massai-2.jpg 309w, https:\/\/xn--picaflor-cramique-ktb.com\/wp-content\/uploads\/2025\/12\/Massai-2-122x300.jpg 122w, https:\/\/xn--picaflor-cramique-ktb.com\/wp-content\/uploads\/2025\/12\/Massai-2-24x60.jpg 24w\" sizes=\"(max-width: 309px) 100vw, 309px\" \/>\t\t\t\t\t\t\t\t\t\t\t\t\t\t\t<\/div>\n\t\t\t\t<\/div>\n\t\t\t\t\t<\/div>\n\t\t<\/div>\n\t\t\t\t\t<\/div>\n\t\t<\/section>\n\t\t\t\t<\/div>\n\t\t","protected":false},"excerpt":{"rendered":"<p>Danseur Chinois Symbiose Massa\u00ef Juliana Massa\u00ef vert Massa\u00ef 2<\/p>\n","protected":false},"author":1,"featured_media":0,"parent":2,"menu_order":0,"comment_status":"closed","ping_status":"closed","template":"","meta":{"om_disable_all_campaigns":false,"_monsterinsights_skip_tracking":false,"_monsterinsights_sitenote_active":false,"_monsterinsights_sitenote_note":"","_monsterinsights_sitenote_category":0,"footnotes":""},"class_list":["post-1454","page","type-page","status-publish","hentry","latest_post"],"aioseo_notices":[],"_links":{"self":[{"href":"https:\/\/xn--picaflor-cramique-ktb.com\/index.php\/wp-json\/wp\/v2\/pages\/1454","targetHints":{"allow":["GET"]}}],"collection":[{"href":"https:\/\/xn--picaflor-cramique-ktb.com\/index.php\/wp-json\/wp\/v2\/pages"}],"about":[{"href":"https:\/\/xn--picaflor-cramique-ktb.com\/index.php\/wp-json\/wp\/v2\/types\/page"}],"author":[{"embeddable":true,"href":"https:\/\/xn--picaflor-cramique-ktb.com\/index.php\/wp-json\/wp\/v2\/users\/1"}],"replies":[{"embeddable":true,"href":"https:\/\/xn--picaflor-cramique-ktb.com\/index.php\/wp-json\/wp\/v2\/comments?post=1454"}],"version-history":[{"count":10,"href":"https:\/\/xn--picaflor-cramique-ktb.com\/index.php\/wp-json\/wp\/v2\/pages\/1454\/revisions"}],"predecessor-version":[{"id":1710,"href":"https:\/\/xn--picaflor-cramique-ktb.com\/index.php\/wp-json\/wp\/v2\/pages\/1454\/revisions\/1710"}],"up":[{"embeddable":true,"href":"https:\/\/xn--picaflor-cramique-ktb.com\/index.php\/wp-json\/wp\/v2\/pages\/2"}],"wp:attachment":[{"href":"https:\/\/xn--picaflor-cramique-ktb.com\/index.php\/wp-json\/wp\/v2\/media?parent=1454"}],"curies":[{"name":"wp","href":"https:\/\/api.w.org\/{rel}","templated":true}]}}